{"id":382,"date":"2022-06-01T13:01:53","date_gmt":"2022-06-01T11:01:53","guid":{"rendered":"https:\/\/www.xacobeando.eu\/directory-volunteer\/"},"modified":"2022-10-17T10:12:53","modified_gmt":"2022-10-17T08:12:53","slug":"voluntarios","status":"publish","type":"page","link":"https:\/\/www.xacobeando.eu\/es\/voluntarios\/","title":{"rendered":"Voluntarios"},"content":{"rendered":"<p>[vc_row foundry_background_style=&#8221;bg-primary&#8221; css=&#8221;.vc_custom_1655981739788{background-image: url(https:\/\/www.xacobeando.eu\/wp-content\/uploads\/2022\/06\/CAMINO-2.png?id=252) !important;}&#8221;][vc_column][vc_column_text]<\/p>\n<h1><b>Voluntarios<\/b><\/h1>\n<p>[\/vc_column_text][vc_column_text]<strong>Los voluntarios presentan requisitos para poder participar en este programa.<\/strong><\/p>\n<p><span style=\"font-weight: 400;\">Tambi\u00e9n se requieren habilidades especiales como: cualquier formaci\u00f3n o experiencia en dise\u00f1o, inform\u00e1tica o creaci\u00f3n de textos, actividades culturales y de ocio&#8230;<\/span>[\/vc_column_text][\/vc_column][\/vc_row][vc_row][vc_column][vc_column_text]<span style=\"font-weight: 400;\">Los participantes con alg\u00fan tipo de necesidad especial recibir\u00e1n el apoyo espec\u00edfico necesario, tanto a la salida como durante el desarrollo de las actividades, para su completa integraci\u00f3n en el proyecto y su participaci\u00f3n en las mismas condiciones que el resto de participantes.<\/span>[\/vc_column_text][\/vc_column][\/vc_row][vc_row foundry_padding=&#8221;pt0 pb0&#8243;][vc_column][vc_column_text]\r\n<script type=\"text\/template\" id=\"tmpl-um-member-grid-caa6e\">\r\n\t<div class=\"um-members um-members-grid\">\r\n\t\t<div class=\"um-gutter-sizer\"><\/div>\r\n\r\n\t\t<# if ( data.length > 0 ) { #>\r\n\t\t\t<# _.each( data, function( user, key, list ) { #>\r\n\r\n\t\t\t\t<div id=\"um-member-{{{user.card_anchor}}}-caa6e\" class=\"um-member um-role-{{{user.role}}} {{{user.account_status}}} with-cover\">\r\n\r\n\t\t\t\t\t<span class=\"um-member-status {{{user.account_status}}}\">\r\n\t\t\t\t\t\t{{{user.account_status_name}}}\r\n\t\t\t\t\t<\/span>\r\n\r\n\t\t\t\t\t\t\t\t\t\t\t<div class=\"um-member-cover\" data-ratio=\"1.6:1\">\r\n\t\t\t\t\t\t\t<div class=\"um-member-cover-e\">\r\n\t\t\t\t\t\t\t\t<a href=\"{{{user.profile_url}}}\" title=\"<# if ( user.display_name ) { #>{{{user.display_name}}}<# } #>\">\r\n\t\t\t\t\t\t\t\t\t{{{user.cover_photo}}}\r\n\t\t\t\t\t\t\t\t<\/a>\r\n\t\t\t\t\t\t\t<\/div>\r\n\t\t\t\t\t\t<\/div>\r\n\t\t\t\t\t\t\t\t\t\t\t<div class=\"um-member-photo radius-1\">\r\n\t\t\t\t\t\t\t<a href=\"{{{user.profile_url}}}\" title=\"<# if ( user.display_name ) { #>{{{user.display_name}}}<# } #>\">\r\n\t\t\t\t\t\t\t\t{{{user.avatar}}}\r\n\t\t\t\t\t\t\t\t\t\t\t\t\t\t\t<\/a>\r\n\t\t\t\t\t\t<\/div>\r\n\t\t\t\t\t\r\n\r\n\t\t\t\t\t<div class=\"um-member-card \">\r\n\t\t\t\t\t\t\t\t\t\t\t\t\t<# if ( user.display_name_html ) { #>\r\n\t\t\t\t\t\t\t\t<div class=\"um-member-name\">\r\n\t\t\t\t\t\t\t\t\t<a href=\"{{{user.profile_url}}}\" title=\"{{{user.display_name}}}\">\r\n\t\t\t\t\t\t\t\t\t\t{{{user.display_name_html}}}\r\n\t\t\t\t\t\t\t\t\t<\/a>\r\n\t\t\t\t\t\t\t\t<\/div>\r\n\t\t\t\t\t\t\t<# } #>\r\n\t\t\t\t\t\t\t\t\t\t\t\t{{{user.hook_just_after_name}}}\r\n\r\n\r\n\t\t\t\t\t\t<# if ( user.can_edit ) { #>\r\n\t\t\t\t\t\t\t<div class=\"um-members-edit-btn\">\r\n\t\t\t\t\t\t\t\t<a href=\"{{{user.edit_profile_url}}}\" class=\"um-edit-profile-btn um-button um-alt\">\r\n\t\t\t\t\t\t\t\t\tEditar el perfil\t\t\t\t\t\t\t\t<\/a>\r\n\t\t\t\t\t\t\t<\/div>\r\n\t\t\t\t\t\t<# } #>\r\n\r\n\r\n\t\t\t\t\t\t\t\t\t\t\t\t{{{user.hook_after_user_name}}}\r\n\r\n\r\n\t\t\t\t\t\t\r\n\t\t\t\t\t<\/div>\r\n\t\t\t\t<\/div>\r\n\r\n\t\t\t<# }); #>\r\n\t\t<# } else { #>\r\n\r\n\t\t\t<div class=\"um-members-none\">\r\n\t\t\t\t<p>We are sorry. We cannot find any users who match your search criteria.<\/p>\r\n\t\t\t<\/div>\r\n\r\n\t\t<# } #>\r\n\r\n\t\t<div class=\"um-clear\"><\/div>\r\n\t<\/div>\r\n<\/script>\r\n\r\n\r\n<script type=\"text\/template\" id=\"tmpl-um-members-header\">\r\n\t<div class=\"um-members-intro\">\r\n\t\t<div class=\"um-members-total\">\r\n\t\t\t<# if ( data.pagination.total_users == 1 ) { #>\r\n\t\t\t\t{{{data.pagination.header_single}}}\r\n\t\t\t<# } else if ( data.pagination.total_users > 1 ) { #>\r\n\t\t\t\t{{{data.pagination.header}}}\r\n\t\t\t<# } #>\r\n\t\t<\/div>\r\n\t<\/div>\r\n\r\n\t<div class=\"um-clear\"><\/div>\r\n<\/script>\r\n\r\n<script type=\"text\/template\" id=\"tmpl-um-members-pagination\">\r\n\t<# if ( data.pagination.pages_to_show.length > 0 ) { #>\r\n\t\t<div class=\"um-members-pagidrop uimob340-show uimob500-show\">\r\n\t\t\tSaltar a la p\u00e1gina:\t\t\t<select class=\"um-s2 um-members-pagi-dropdown\" style=\"width: 100px;display:inline-block;\">\r\n\t\t\t\t<# _.each( data.pagination.pages_to_show, function( page, key, list ) { #>\r\n\t\t\t\t\t<option value=\"{{{page}}}\" <# if ( page == data.pagination.current_page ) { #>selected<# } #>>{{{page}}} de {{{data.pagination.total_pages}}}<\/option>\r\n\t\t\t\t<# }); #>\r\n\t\t\t<\/select>\r\n\t\t<\/div>\r\n\r\n\t\t<div class=\"um-members-pagi uimob340-hide uimob500-hide\">\r\n\t\t\t<span class=\"pagi pagi-arrow <# if ( data.pagination.current_page == 1 ) { #>disabled<# } #>\" data-page=\"first\" aria-label=\"Primera p\u00e1gina\"><i class=\"um-faicon-angle-double-left\"><\/i><\/span>\r\n\t\t\t<span class=\"pagi pagi-arrow <# if ( data.pagination.current_page == 1 ) { #>disabled<# } #>\" data-page=\"prev\" aria-label=\"P\u00e1gina anterior\"><i class=\"um-faicon-angle-left\"><\/i><\/span>\r\n\r\n\t\t\t<# _.each( data.pagination.pages_to_show, function( page, key, list ) { #>\r\n\t\t\t\t<span class=\"pagi <# if ( page == data.pagination.current_page ) { #>current<# } #>\" data-page=\"{{{page}}}\">{{{page}}}<\/span>\r\n\t\t\t<# }); #>\r\n\r\n\t\t\t<span class=\"pagi pagi-arrow <# if ( data.pagination.current_page == data.pagination.total_pages ) { #>disabled<# } #>\" data-page=\"next\" aria-label=\"P\u00e1gina siguiente\"><i class=\"um-faicon-angle-right\"><\/i><\/span>\r\n\t\t\t<span class=\"pagi pagi-arrow <# if ( data.pagination.current_page == data.pagination.total_pages ) { #>disabled<# } #>\" data-page=\"last\" aria-label=\"\u00daltima p\u00e1gina\"><i class=\"um-faicon-angle-double-right\"><\/i><\/span>\r\n\t\t<\/div>\r\n\t<# } #>\r\n<\/script>\r\n<div class=\"um um-directory um-caa6e\"\r\n     data-hash=\"caa6e\" data-base-post=\"382\"\r\n\t data-must-search=\"0\" data-searched=\"1\"\r\n\t data-view_type=\"grid\" data-page=\"1\"\r\n\t data-sorting=\"\">\r\n\t<div class=\"um-members-overlay\"><div class=\"um-ajax-loading\"><\/div><\/div>\r\n\r\n\t<div class=\"um-member-directory-header um-form\">\r\n\r\n\t\t\r\n\t\t\t\t\t<div class=\"um-member-directory-header-row um-member-directory-search-row\">\r\n\t\t\t\t<div class=\"um-member-directory-search-line\">\r\n\t\t\t\t\t<label>\r\n\t\t\t\t\t\t<span>Buscar:<\/span>\r\n\t\t\t\t\t\t<input type=\"search\" class=\"um-search-line\" placeholder=\"Buscar\"  value=\"\" aria-label=\"Buscar\" speech \/>\r\n\t\t\t\t\t<\/label>\r\n\t\t\t\t\t<input type=\"button\" class=\"um-do-search um-button\" value=\"Buscar\" \/>\r\n\t\t\t\t<\/div>\r\n\t\t\t<\/div>\r\n\t\t\r\n\r\n\t\t\t<\/div>\r\n\r\n\t<div class=\"um-members-wrapper\"><\/div>\r\n\r\n\t<div class=\"um-members-pagination-box\"><\/div>\r\n\r\n\t\r\n<\/div>\r\n<style type=\"text\/css\">\r\n<\/style>\r\n<style type=\"text\/css\">\r\n<\/style>[\/vc_column_text][\/vc_column][\/vc_row]<\/p>\n","protected":false},"excerpt":{"rendered":"<p>[vc_row foundry_background_style=&#8221;bg-primary&#8221; css=&#8221;.vc_custom_1655981739788{background-image: url(https:\/\/www.xacobeando.eu\/wp-content\/uploads\/2022\/06\/CAMINO-2.png?id=252) !important;}&#8221;][vc_column][vc_column_text] Voluntarios [\/vc_column_text][vc_column_text]Los voluntarios presentan requisitos para poder participar en este programa. Tambi\u00e9n se requieren habilidades especiales&#8230;<\/p>\n","protected":false},"author":1,"featured_media":355,"parent":0,"menu_order":0,"comment_status":"closed","ping_status":"closed","template":"","meta":{"footnotes":""},"class_list":["post-382","page","type-page","status-publish","has-post-thumbnail","hentry"],"acf":[],"yoast_head":"<!-- This site is optimized with the Yoast SEO plugin v19.4 - https:\/\/yoast.com\/wordpress\/plugins\/seo\/ -->\n<title>Voluntarios | Xacobeando<\/title>\n<meta name=\"description\" content=\"Xacobeando is a project of volunteer teams in high priority areas within the European Solidarity Corps. Xunta de Galicia project.\" \/>\n<meta name=\"robots\" content=\"index, follow, max-snippet:-1, max-image-preview:large, max-video-preview:-1\" \/>\n<link rel=\"canonical\" href=\"https:\/\/www.xacobeando.eu\/es\/voluntarios\/\" \/>\n<meta property=\"og:locale\" content=\"es_ES\" \/>\n<meta property=\"og:type\" content=\"article\" \/>\n<meta property=\"og:title\" content=\"Volunteers | Xacobeando\" \/>\n<meta property=\"og:description\" content=\"Xacobeando is a project of volunteer teams in high priority areas within the European Solidarity Corps. Xunta de Galicia project.\" \/>\n<meta property=\"og:url\" content=\"https:\/\/www.xacobeando.eu\/es\/voluntarios\/\" \/>\n<meta property=\"og:site_name\" content=\"Xacobeando\" \/>\n<meta property=\"article:publisher\" content=\"https:\/\/www.facebook.com\/Xacobeando-101211579315381\" \/>\n<meta property=\"article:modified_time\" content=\"2022-10-17T08:12:53+00:00\" \/>\n<meta property=\"og:image\" content=\"https:\/\/www.xacobeando.eu\/wp-content\/uploads\/2022\/06\/xac-volunteers-scaled.jpg\" \/>\n\t<meta property=\"og:image:width\" content=\"2560\" \/>\n\t<meta property=\"og:image:height\" content=\"1707\" \/>\n\t<meta property=\"og:image:type\" content=\"image\/jpeg\" \/>\n<meta name=\"twitter:card\" content=\"summary_large_image\" \/>\n<meta name=\"twitter:title\" content=\"Volunteers | Xacobeando\" \/>\n<meta name=\"twitter:description\" content=\"Xacobeando is a project of volunteer teams in high priority areas within the European Solidarity Corps. Xunta de Galicia project.\" \/>\n<meta name=\"twitter:image\" content=\"https:\/\/www.xacobeando.eu\/wp-content\/uploads\/2022\/06\/xac-volunteers-scaled.jpg\" \/>\n<meta name=\"twitter:label1\" content=\"Tiempo de lectura\" \/>\n\t<meta name=\"twitter:data1\" content=\"1 minuto\" \/>\n<script type=\"application\/ld+json\" class=\"yoast-schema-graph\">{\"@context\":\"https:\/\/schema.org\",\"@graph\":[{\"@type\":\"Organization\",\"@id\":\"https:\/\/www.xacobeando.eu\/en\/#organization\",\"name\":\"Xacobeando\",\"url\":\"https:\/\/www.xacobeando.eu\/en\/\",\"sameAs\":[\"https:\/\/www.instagram.com\/xacobeando.xuventude\/\",\"https:\/\/www.facebook.com\/Xacobeando-101211579315381\"],\"logo\":{\"@type\":\"ImageObject\",\"inLanguage\":\"es\",\"@id\":\"https:\/\/www.xacobeando.eu\/en\/#\/schema\/logo\/image\/\",\"url\":\"https:\/\/www.xacobeando.eu\/wp-content\/uploads\/2022\/06\/xac-logo-pos.svg\",\"contentUrl\":\"https:\/\/www.xacobeando.eu\/wp-content\/uploads\/2022\/06\/xac-logo-pos.svg\",\"width\":507,\"height\":72,\"caption\":\"Xacobeando\"},\"image\":{\"@id\":\"https:\/\/www.xacobeando.eu\/en\/#\/schema\/logo\/image\/\"}},{\"@type\":\"WebSite\",\"@id\":\"https:\/\/www.xacobeando.eu\/en\/#website\",\"url\":\"https:\/\/www.xacobeando.eu\/en\/\",\"name\":\"Xacobeando\",\"description\":\"Camino de Santiago\",\"publisher\":{\"@id\":\"https:\/\/www.xacobeando.eu\/en\/#organization\"},\"potentialAction\":[{\"@type\":\"SearchAction\",\"target\":{\"@type\":\"EntryPoint\",\"urlTemplate\":\"https:\/\/www.xacobeando.eu\/en\/?s={search_term_string}\"},\"query-input\":\"required name=search_term_string\"}],\"inLanguage\":\"es\"},{\"@type\":\"WebPage\",\"@id\":\"https:\/\/www.xacobeando.eu\/es\/voluntarios\/\",\"url\":\"https:\/\/www.xacobeando.eu\/es\/voluntarios\/\",\"name\":\"Voluntarios | Xacobeando\",\"isPartOf\":{\"@id\":\"https:\/\/www.xacobeando.eu\/en\/#website\"},\"datePublished\":\"2022-06-01T11:01:53+00:00\",\"dateModified\":\"2022-10-17T08:12:53+00:00\",\"description\":\"Xacobeando is a project of volunteer teams in high priority areas within the European Solidarity Corps. Xunta de Galicia project.\",\"breadcrumb\":{\"@id\":\"https:\/\/www.xacobeando.eu\/es\/voluntarios\/#breadcrumb\"},\"inLanguage\":\"es\",\"potentialAction\":[{\"@type\":\"ReadAction\",\"target\":[\"https:\/\/www.xacobeando.eu\/es\/voluntarios\/\"]}]},{\"@type\":\"BreadcrumbList\",\"@id\":\"https:\/\/www.xacobeando.eu\/es\/voluntarios\/#breadcrumb\",\"itemListElement\":[{\"@type\":\"ListItem\",\"position\":1,\"name\":\"Home\",\"item\":\"https:\/\/www.xacobeando.eu\/en\/\"},{\"@type\":\"ListItem\",\"position\":2,\"name\":\"Voluntarios\"}]}]}<\/script>\n<!-- \/ Yoast SEO plugin. -->","yoast_head_json":{"title":"Voluntarios | Xacobeando","description":"Xacobeando is a project of volunteer teams in high priority areas within the European Solidarity Corps. Xunta de Galicia project.","robots":{"index":"index","follow":"follow","max-snippet":"max-snippet:-1","max-image-preview":"max-image-preview:large","max-video-preview":"max-video-preview:-1"},"canonical":"https:\/\/www.xacobeando.eu\/es\/voluntarios\/","og_locale":"es_ES","og_type":"article","og_title":"Volunteers | Xacobeando","og_description":"Xacobeando is a project of volunteer teams in high priority areas within the European Solidarity Corps. Xunta de Galicia project.","og_url":"https:\/\/www.xacobeando.eu\/es\/voluntarios\/","og_site_name":"Xacobeando","article_publisher":"https:\/\/www.facebook.com\/Xacobeando-101211579315381","article_modified_time":"2022-10-17T08:12:53+00:00","og_image":[{"width":2560,"height":1707,"url":"https:\/\/www.xacobeando.eu\/wp-content\/uploads\/2022\/06\/xac-volunteers-scaled.jpg","type":"image\/jpeg"}],"twitter_card":"summary_large_image","twitter_title":"Volunteers | Xacobeando","twitter_description":"Xacobeando is a project of volunteer teams in high priority areas within the European Solidarity Corps. Xunta de Galicia project.","twitter_image":"https:\/\/www.xacobeando.eu\/wp-content\/uploads\/2022\/06\/xac-volunteers-scaled.jpg","twitter_misc":{"Tiempo de lectura":"1 minuto"},"schema":{"@context":"https:\/\/schema.org","@graph":[{"@type":"Organization","@id":"https:\/\/www.xacobeando.eu\/en\/#organization","name":"Xacobeando","url":"https:\/\/www.xacobeando.eu\/en\/","sameAs":["https:\/\/www.instagram.com\/xacobeando.xuventude\/","https:\/\/www.facebook.com\/Xacobeando-101211579315381"],"logo":{"@type":"ImageObject","inLanguage":"es","@id":"https:\/\/www.xacobeando.eu\/en\/#\/schema\/logo\/image\/","url":"https:\/\/www.xacobeando.eu\/wp-content\/uploads\/2022\/06\/xac-logo-pos.svg","contentUrl":"https:\/\/www.xacobeando.eu\/wp-content\/uploads\/2022\/06\/xac-logo-pos.svg","width":507,"height":72,"caption":"Xacobeando"},"image":{"@id":"https:\/\/www.xacobeando.eu\/en\/#\/schema\/logo\/image\/"}},{"@type":"WebSite","@id":"https:\/\/www.xacobeando.eu\/en\/#website","url":"https:\/\/www.xacobeando.eu\/en\/","name":"Xacobeando","description":"Camino de Santiago","publisher":{"@id":"https:\/\/www.xacobeando.eu\/en\/#organization"},"potentialAction":[{"@type":"SearchAction","target":{"@type":"EntryPoint","urlTemplate":"https:\/\/www.xacobeando.eu\/en\/?s={search_term_string}"},"query-input":"required name=search_term_string"}],"inLanguage":"es"},{"@type":"WebPage","@id":"https:\/\/www.xacobeando.eu\/es\/voluntarios\/","url":"https:\/\/www.xacobeando.eu\/es\/voluntarios\/","name":"Voluntarios | Xacobeando","isPartOf":{"@id":"https:\/\/www.xacobeando.eu\/en\/#website"},"datePublished":"2022-06-01T11:01:53+00:00","dateModified":"2022-10-17T08:12:53+00:00","description":"Xacobeando is a project of volunteer teams in high priority areas within the European Solidarity Corps. Xunta de Galicia project.","breadcrumb":{"@id":"https:\/\/www.xacobeando.eu\/es\/voluntarios\/#breadcrumb"},"inLanguage":"es","potentialAction":[{"@type":"ReadAction","target":["https:\/\/www.xacobeando.eu\/es\/voluntarios\/"]}]},{"@type":"BreadcrumbList","@id":"https:\/\/www.xacobeando.eu\/es\/voluntarios\/#breadcrumb","itemListElement":[{"@type":"ListItem","position":1,"name":"Home","item":"https:\/\/www.xacobeando.eu\/en\/"},{"@type":"ListItem","position":2,"name":"Voluntarios"}]}]}},"_links":{"self":[{"href":"https:\/\/www.xacobeando.eu\/es\/wp-json\/wp\/v2\/pages\/382","targetHints":{"allow":["GET"]}}],"collection":[{"href":"https:\/\/www.xacobeando.eu\/es\/wp-json\/wp\/v2\/pages"}],"about":[{"href":"https:\/\/www.xacobeando.eu\/es\/wp-json\/wp\/v2\/types\/page"}],"author":[{"embeddable":true,"href":"https:\/\/www.xacobeando.eu\/es\/wp-json\/wp\/v2\/users\/1"}],"replies":[{"embeddable":true,"href":"https:\/\/www.xacobeando.eu\/es\/wp-json\/wp\/v2\/comments?post=382"}],"version-history":[{"count":2,"href":"https:\/\/www.xacobeando.eu\/es\/wp-json\/wp\/v2\/pages\/382\/revisions"}],"predecessor-version":[{"id":3624,"href":"https:\/\/www.xacobeando.eu\/es\/wp-json\/wp\/v2\/pages\/382\/revisions\/3624"}],"wp:featuredmedia":[{"embeddable":true,"href":"https:\/\/www.xacobeando.eu\/es\/wp-json\/wp\/v2\/media\/355"}],"wp:attachment":[{"href":"https:\/\/www.xacobeando.eu\/es\/wp-json\/wp\/v2\/media?parent=382"}],"curies":[{"name":"wp","href":"https:\/\/api.w.org\/{rel}","templated":true}]}}